{"id":269,"date":"2017-02-13T16:17:05","date_gmt":"2017-02-13T16:17:05","guid":{"rendered":"http:\/\/localhost\/new_wp\/?page_id=269"},"modified":"2024-06-19T15:42:28","modified_gmt":"2024-06-19T15:42:28","slug":"ueber-mich","status":"publish","type":"page","link":"https:\/\/mariebraner.de\/portfolio\/ueber-mich\/","title":{"rendered":"\u00dcber mich"},"content":{"rendered":"<p><span style=\"color: #ffffff;\">.<\/span><\/p>\n<p><img loading=\"lazy\" decoding=\"async\" class=\"aligncenter size-medium wp-image-1648\" src=\"https:\/\/mariebraner.de\/wp-content\/uploads\/2021\/04\/Portrait-Webseite-1-300x300.jpg\" alt=\"Marie Braner Portrait\" width=\"300\" height=\"300\" srcset=\"https:\/\/mariebraner.de\/wp-content\/uploads\/2021\/04\/Portrait-Webseite-1-300x300.jpg 300w, https:\/\/mariebraner.de\/wp-content\/uploads\/2021\/04\/Portrait-Webseite-1-150x150.jpg 150w, https:\/\/mariebraner.de\/wp-content\/uploads\/2021\/04\/Portrait-Webseite-1-768x768.jpg 768w, https:\/\/mariebraner.de\/wp-content\/uploads\/2021\/04\/Portrait-Webseite-1.jpg 1003w\" sizes=\"auto, (max-width: 300px) 100vw, 300px\" \/><\/p>\n<p class=\"p1\" style=\"text-align: center;\"><span class=\"s1\" style=\"color: #ffffff;\">.<\/span><\/p>\n<p class=\"p1\" style=\"text-align: center;\"><span class=\"s1\">Hallo, <\/span><span class=\"s1\">ich bin Marie, <\/span><\/p>\n<p class=\"p1\" style=\"text-align: center;\"><span class=\"s1\">freischaffende Kinderbuch-Illustratorin und Autorin aus Nordhessen. Doch viel lieber bezeichne ich mich selbst als Geschichten-Erfinderin, denn egal ob in Bildern oder Worten &#8211; meine gr\u00f6\u00dfte Leidenschaft ist das Spinnen neuer Figuren und deren Abenteuer! Zusammen mit meinem Mann,<\/span><span class=\"s1\"> unseren beiden Kindern und H\u00fcndin Momo, lebe ich in einem H\u00e4uschen direkt am Wald, der mir immer wieder \u00e4u\u00dferst magisch erscheint und viele Inspirationen f\u00fcr meine Illustrationen und Geschichten liefert.<\/span><\/p>\n<p style=\"text-align: center;\">Vertreten werde ich durch die <em><a href=\"https:\/\/bilderkammer-illustrationsagentur.de\/marie-braner\/\">Bilderkammer Illustrationsagentur<\/a><\/em> von Carolin Steffens.<\/p>\n<p style=\"text-align: center;\">.<\/p>\n<p style=\"text-align: center;\">Hello, I am Marie,<\/p>\n<p style=\"text-align: center;\">freelance children&#8217;s book illustrator and author from Germany, but I prefer to call myself a story-inventor &#8211; Either in pictures or words, imagining characters and their adventures is my biggest passion! Together with my husband, our two children and dog Momo, I live in a house right next to a forest, which seems rather magical most of the time and where I find lots of inspiration for my illustrations and stories.<\/p>\n<p style=\"text-align: center;\">I am represented by Carolin Steffens at <em><a href=\"https:\/\/bilderkammer-illustrationsagentur.de\/marie-braner\/\">Bilderkammer Illustrationsagentur<\/a><\/em>.<\/p>\n<p class=\"p1\" style=\"text-align: left;\"><span style=\"color: #ffffff;\"><strong><span class=\"s1\">.<\/span><\/strong><\/span><\/p>\n<p class=\"p1\" style=\"text-align: center;\"><span style=\"color: #ffffff;\"><strong><span class=\"s1\">.<\/span><\/strong><\/span><strong><span class=\"s1\">Studium<\/span><\/strong><\/p>\n<p style=\"text-align: center;\"><span class=\"s1\">2016 BA Design, Schwerpunkt Illustration<\/span><\/p>\n<p class=\"p1\" style=\"text-align: center;\"><em><span class=\"s1\">Fachhochschule M\u00fcnster, Deutschland<\/span><\/em><\/p>\n<p style=\"text-align: center;\">.<\/p>\n<p style=\"text-align: center;\"><span class=\"s1\">2020 MA Kunst und Kommunikation<\/span><\/p>\n<p class=\"p1\" style=\"text-align: center;\"><em><span class=\"s1\">Universit\u00e4t Osnabr\u00fcck, Deutschland<\/span><\/em><\/p>\n<p><span style=\"color: #ffffff;\"><strong><span class=\"s1\">.<\/span><\/strong><\/span><\/p>\n<p style=\"text-align: center;\"><strong>Ver\u00f6ffentlichungen:<\/strong><\/p>\n<p style=\"text-align: center;\">Text und Illustration<\/p>\n<p style=\"text-align: center;\"><strong>Das Leuchtturm-Geheimnis<\/strong> <em>Marie Braner, 2024 im Magellan Verlag<\/em><\/p>\n<p style=\"text-align: center;\"><strong>Das Glashaus-Geheimnis<\/strong> <em>Marie Braner, 2022 im Magellan Verlag<\/em><\/p>\n<p style=\"text-align: center;\">Illustration<\/p>\n<p style=\"text-align: center;\"><strong>Der fabelhafte Herr Blomster III &#8211; Eine Klassenfahrt voller Abenteuer<\/strong> <em>Sven Gerhardt, 2024 bei cbj<\/em><\/p>\n<p style=\"text-align: center;\"><strong>Der fabelhafte Herr Blomster II &#8211; Eine Schul\u00fcbernachtung mit \u00dcberraschungen <\/strong><em>Sven Gerhardt, 2024 bei cbj<\/em><\/p>\n<p style=\"text-align: center;\"><strong>Eine Weihnachtsgeschichte<\/strong> <em>Bettina Obrecht, 2023 bei Penguin Junior<\/em><\/p>\n<p style=\"text-align: center;\"><strong>Der fabelhafte Herr Blomster I &#8211; Ein Schulkiosk voller Geheimnisse\u00a0<\/strong><em>Sven Gerhardt, 2023 bei cbj<\/em><\/p>\n<p style=\"text-align: center;\"><strong>Anne auf Green Gables<\/strong> <em>Karen Christine Angermayer<\/em>,<em> 2022 bei Penguin Junior<\/em><\/p>\n<p style=\"text-align: center;\"><strong>So sind Familien<\/strong> <em>Judith Allert<\/em>,<em> 2022 im Carlsen Verlag<\/em><\/p>\n<p style=\"text-align: center;\"><strong>Mein Kinder-Kirchen-Buch <\/strong><em>Katrin Rouwen, 2022 im G\u00fctersloher Verlagshaus<\/em><\/p>\n<p style=\"text-align: center;\"><strong>Die Wichtel aus dem Hundertwurzelwald III &#8211; Ein Leuchten in den Bergen <\/strong><em>Anna Taube, 2021 im Magellan Verlag<\/em><\/p>\n<p style=\"text-align: center;\"><strong>Komm mit auf Vorlesereise<\/strong> <em>Henriette Wich, 2021 im Oetinger Ellermann Verlag<\/em><\/p>\n<p style=\"text-align: center;\"><strong>Die Wichtel aus dem Hundertwurzelwald II &#8211; Rettung f\u00fcr Familie Maus<\/strong>\u00a0<em>Anna Taube, 2021 im Magellan Verlag<\/em><\/p>\n<p style=\"text-align: center;\"><strong>Ellie und Oma auf dem Friedhof<\/strong>\u00a0<em>Andrea Braner, 2020 in Zusammenarbeit mit der Arbeitsstelle Kirche mit Kindern und Familien im Ev. Studienseminar in Hofgeismar<\/em><\/p>\n<p style=\"text-align: center;\"><strong>Die Wichtel aus dem Hundertwurzelwald I &#8211; Einladung zum Elfenfest<\/strong>\u00a0<em>Anna Taube, 2020 im Magellan Verlag<\/em><\/p>\n<p style=\"text-align: center;\"><strong>Das Delfinm\u00e4dchen<\/strong> <em>Karin M\u00fcller, 2020 im Coppenrath Verlag<\/em><\/p>\n<p style=\"text-align: center;\"><strong>Der kleine Fehlerkobold<\/strong> <em>Sandra Niermeyer, 2019 im Albarello Verlag<\/em><\/p>\n<p style=\"text-align: center;\"><strong>Von Einh\u00f6rnern, Zauberponys und fliegenden Pferden<\/strong> <em>2019 im Coppenrath Verlag<\/em><\/p>\n<p style=\"text-align: center;\"><strong>Prinzessin Nelly und das Mondgeschenk, Linob\u00fccher-Box Nr. 68<\/strong> <em>Gaby Grosser, 2019 im Coppenrath Verlag<\/em><\/p>\n<p style=\"text-align: center;\"><strong>Wir haben etwas unglaublich Gro\u00dfes geschafft<\/strong> <em>Johanna Ringwald, 2017 in Zusammenarbeit mit dem Universit\u00e4tsklinikum T\u00fcbingen<\/em><\/p>\n<p style=\"text-align: center;\"><strong>Weihnachten in der Pfeffergasse<\/strong> (Innenillustrationen) <em>Sarah Bosse, 2017 im Coppenrath Verlag<\/em><\/p>\n<p style=\"text-align: center;\"><strong>Schattenthron<\/strong> <em>Angelika Diem 2017, im Oetinger Verlag<\/em><\/p>\n<p style=\"text-align: center;\"><span style=\"color: #ffffff;\">.<\/span><\/p>\n<p><span style=\"color: #ffffff;\">.<\/span><\/p>\n","protected":false},"excerpt":{"rendered":"<p>. . Hallo, ich bin Marie, freischaffende Kinderbuch-Illustratorin und Autorin aus Nordhessen. Doch viel lieber bezeichne ich mich selbst als Geschichten-Erfinderin, denn egal ob in Bildern oder Worten &#8211; meine gr\u00f6\u00dfte Leidenschaft ist das Spinnen neuer Figuren und deren Abenteuer! Zusammen mit meinem Mann, unseren beiden Kindern und H\u00fcndin Momo, lebe ich in einem H\u00e4uschen [&hellip;]<\/p>\n","protected":false},"author":3,"featured_media":0,"parent":0,"menu_order":0,"comment_status":"closed","ping_status":"closed","template":"template-about.php","meta":{"_acf_changed":false,"footnotes":""},"class_list":["post-269","page","type-page","status-publish","hentry"],"acf":[],"yoast_head":"<!-- This site is optimized with the Yoast SEO plugin v27.3 - https:\/\/yoast.com\/product\/yoast-seo-wordpress\/ -->\n<title>Marie Braner Illustration - \u00dcber mich<\/title>\n<meta name=\"description\" content=\"Hallo! Ich bin Marie, alias bellismarie, freischaffende Kinderbuch-Illustratorin, B\u00fcchersammlerin und Tagtr\u00e4umerin aus Deutschland.\" \/>\n<meta name=\"robots\" content=\"noindex, nofollow\" \/>\n<meta property=\"og:locale\" content=\"de_DE\" \/>\n<meta property=\"og:type\" content=\"article\" \/>\n<meta property=\"og:title\" content=\"Marie Braner Illustration - \u00dcber mich\" \/>\n<meta property=\"og:description\" content=\"Hallo! Ich bin Marie, alias bellismarie, freischaffende Kinderbuch-Illustratorin, B\u00fcchersammlerin und Tagtr\u00e4umerin aus Deutschland.\" \/>\n<meta property=\"og:url\" content=\"https:\/\/mariebraner.de\/portfolio\/ueber-mich\/\" \/>\n<meta property=\"og:site_name\" content=\"Marie Braner\" \/>\n<meta property=\"article:modified_time\" content=\"2024-06-19T15:42:28+00:00\" \/>\n<meta property=\"og:image\" content=\"https:\/\/mariebraner.de\/wp-content\/uploads\/2021\/04\/Portrait-Webseite-1-300x300.jpg\" \/>\n<meta name=\"twitter:card\" content=\"summary_large_image\" \/>\n<meta name=\"twitter:label1\" content=\"Gesch\u00e4tzte Lesezeit\" \/>\n\t<meta name=\"twitter:data1\" content=\"3\u00a0Minuten\" \/>\n<script type=\"application\/ld+json\" class=\"yoast-schema-graph\">{\"@context\":\"https:\\\/\\\/schema.org\",\"@graph\":[{\"@type\":\"WebPage\",\"@id\":\"https:\\\/\\\/mariebraner.de\\\/portfolio\\\/ueber-mich\\\/\",\"url\":\"https:\\\/\\\/mariebraner.de\\\/portfolio\\\/ueber-mich\\\/\",\"name\":\"Marie Braner Illustration - \u00dcber mich\",\"isPartOf\":{\"@id\":\"https:\\\/\\\/mariebraner.de\\\/portfolio\\\/#website\"},\"primaryImageOfPage\":{\"@id\":\"https:\\\/\\\/mariebraner.de\\\/portfolio\\\/ueber-mich\\\/#primaryimage\"},\"image\":{\"@id\":\"https:\\\/\\\/mariebraner.de\\\/portfolio\\\/ueber-mich\\\/#primaryimage\"},\"thumbnailUrl\":\"https:\\\/\\\/mariebraner.de\\\/wp-content\\\/uploads\\\/2021\\\/04\\\/Portrait-Webseite-1-300x300.jpg\",\"datePublished\":\"2017-02-13T16:17:05+00:00\",\"dateModified\":\"2024-06-19T15:42:28+00:00\",\"description\":\"Hallo! Ich bin Marie, alias bellismarie, freischaffende Kinderbuch-Illustratorin, B\u00fcchersammlerin und Tagtr\u00e4umerin aus Deutschland.\",\"breadcrumb\":{\"@id\":\"https:\\\/\\\/mariebraner.de\\\/portfolio\\\/ueber-mich\\\/#breadcrumb\"},\"inLanguage\":\"de\",\"potentialAction\":[{\"@type\":\"ReadAction\",\"target\":[\"https:\\\/\\\/mariebraner.de\\\/portfolio\\\/ueber-mich\\\/\"]}]},{\"@type\":\"ImageObject\",\"inLanguage\":\"de\",\"@id\":\"https:\\\/\\\/mariebraner.de\\\/portfolio\\\/ueber-mich\\\/#primaryimage\",\"url\":\"https:\\\/\\\/mariebraner.de\\\/wp-content\\\/uploads\\\/2021\\\/04\\\/Portrait-Webseite-1-300x300.jpg\",\"contentUrl\":\"https:\\\/\\\/mariebraner.de\\\/wp-content\\\/uploads\\\/2021\\\/04\\\/Portrait-Webseite-1-300x300.jpg\"},{\"@type\":\"BreadcrumbList\",\"@id\":\"https:\\\/\\\/mariebraner.de\\\/portfolio\\\/ueber-mich\\\/#breadcrumb\",\"itemListElement\":[{\"@type\":\"ListItem\",\"position\":1,\"name\":\"Startseite\",\"item\":\"https:\\\/\\\/mariebraner.de\\\/portfolio\\\/\"},{\"@type\":\"ListItem\",\"position\":2,\"name\":\"\u00dcber mich\"}]},{\"@type\":\"WebSite\",\"@id\":\"https:\\\/\\\/mariebraner.de\\\/portfolio\\\/#website\",\"url\":\"https:\\\/\\\/mariebraner.de\\\/portfolio\\\/\",\"name\":\"Marie Braner\",\"description\":\"Illustrationen und Geschichten\",\"publisher\":{\"@id\":\"https:\\\/\\\/mariebraner.de\\\/portfolio\\\/#\\\/schema\\\/person\\\/6ed2b264ddc6206a2e251cfe954a9776\"},\"potentialAction\":[{\"@type\":\"SearchAction\",\"target\":{\"@type\":\"EntryPoint\",\"urlTemplate\":\"https:\\\/\\\/mariebraner.de\\\/portfolio\\\/?s={search_term_string}\"},\"query-input\":{\"@type\":\"PropertyValueSpecification\",\"valueRequired\":true,\"valueName\":\"search_term_string\"}}],\"inLanguage\":\"de\"},{\"@type\":[\"Person\",\"Organization\"],\"@id\":\"https:\\\/\\\/mariebraner.de\\\/portfolio\\\/#\\\/schema\\\/person\\\/6ed2b264ddc6206a2e251cfe954a9776\",\"name\":\"KleinMi\",\"logo\":{\"@id\":\"https:\\\/\\\/mariebraner.de\\\/portfolio\\\/#\\\/schema\\\/person\\\/image\\\/\"}}]}<\/script>\n<!-- \/ Yoast SEO plugin. -->","yoast_head_json":{"title":"Marie Braner Illustration - \u00dcber mich","description":"Hallo! Ich bin Marie, alias bellismarie, freischaffende Kinderbuch-Illustratorin, B\u00fcchersammlerin und Tagtr\u00e4umerin aus Deutschland.","robots":{"index":"noindex","follow":"nofollow"},"og_locale":"de_DE","og_type":"article","og_title":"Marie Braner Illustration - \u00dcber mich","og_description":"Hallo! Ich bin Marie, alias bellismarie, freischaffende Kinderbuch-Illustratorin, B\u00fcchersammlerin und Tagtr\u00e4umerin aus Deutschland.","og_url":"https:\/\/mariebraner.de\/portfolio\/ueber-mich\/","og_site_name":"Marie Braner","article_modified_time":"2024-06-19T15:42:28+00:00","og_image":[{"url":"https:\/\/mariebraner.de\/wp-content\/uploads\/2021\/04\/Portrait-Webseite-1-300x300.jpg","type":"","width":"","height":""}],"twitter_card":"summary_large_image","twitter_misc":{"Gesch\u00e4tzte Lesezeit":"3\u00a0Minuten"},"schema":{"@context":"https:\/\/schema.org","@graph":[{"@type":"WebPage","@id":"https:\/\/mariebraner.de\/portfolio\/ueber-mich\/","url":"https:\/\/mariebraner.de\/portfolio\/ueber-mich\/","name":"Marie Braner Illustration - \u00dcber mich","isPartOf":{"@id":"https:\/\/mariebraner.de\/portfolio\/#website"},"primaryImageOfPage":{"@id":"https:\/\/mariebraner.de\/portfolio\/ueber-mich\/#primaryimage"},"image":{"@id":"https:\/\/mariebraner.de\/portfolio\/ueber-mich\/#primaryimage"},"thumbnailUrl":"https:\/\/mariebraner.de\/wp-content\/uploads\/2021\/04\/Portrait-Webseite-1-300x300.jpg","datePublished":"2017-02-13T16:17:05+00:00","dateModified":"2024-06-19T15:42:28+00:00","description":"Hallo! Ich bin Marie, alias bellismarie, freischaffende Kinderbuch-Illustratorin, B\u00fcchersammlerin und Tagtr\u00e4umerin aus Deutschland.","breadcrumb":{"@id":"https:\/\/mariebraner.de\/portfolio\/ueber-mich\/#breadcrumb"},"inLanguage":"de","potentialAction":[{"@type":"ReadAction","target":["https:\/\/mariebraner.de\/portfolio\/ueber-mich\/"]}]},{"@type":"ImageObject","inLanguage":"de","@id":"https:\/\/mariebraner.de\/portfolio\/ueber-mich\/#primaryimage","url":"https:\/\/mariebraner.de\/wp-content\/uploads\/2021\/04\/Portrait-Webseite-1-300x300.jpg","contentUrl":"https:\/\/mariebraner.de\/wp-content\/uploads\/2021\/04\/Portrait-Webseite-1-300x300.jpg"},{"@type":"BreadcrumbList","@id":"https:\/\/mariebraner.de\/portfolio\/ueber-mich\/#breadcrumb","itemListElement":[{"@type":"ListItem","position":1,"name":"Startseite","item":"https:\/\/mariebraner.de\/portfolio\/"},{"@type":"ListItem","position":2,"name":"\u00dcber mich"}]},{"@type":"WebSite","@id":"https:\/\/mariebraner.de\/portfolio\/#website","url":"https:\/\/mariebraner.de\/portfolio\/","name":"Marie Braner","description":"Illustrationen und Geschichten","publisher":{"@id":"https:\/\/mariebraner.de\/portfolio\/#\/schema\/person\/6ed2b264ddc6206a2e251cfe954a9776"},"potentialAction":[{"@type":"SearchAction","target":{"@type":"EntryPoint","urlTemplate":"https:\/\/mariebraner.de\/portfolio\/?s={search_term_string}"},"query-input":{"@type":"PropertyValueSpecification","valueRequired":true,"valueName":"search_term_string"}}],"inLanguage":"de"},{"@type":["Person","Organization"],"@id":"https:\/\/mariebraner.de\/portfolio\/#\/schema\/person\/6ed2b264ddc6206a2e251cfe954a9776","name":"KleinMi","logo":{"@id":"https:\/\/mariebraner.de\/portfolio\/#\/schema\/person\/image\/"}}]}},"_links":{"self":[{"href":"https:\/\/mariebraner.de\/portfolio\/wp-json\/wp\/v2\/pages\/269","targetHints":{"allow":["GET"]}}],"collection":[{"href":"https:\/\/mariebraner.de\/portfolio\/wp-json\/wp\/v2\/pages"}],"about":[{"href":"https:\/\/mariebraner.de\/portfolio\/wp-json\/wp\/v2\/types\/page"}],"author":[{"embeddable":true,"href":"https:\/\/mariebraner.de\/portfolio\/wp-json\/wp\/v2\/users\/3"}],"replies":[{"embeddable":true,"href":"https:\/\/mariebraner.de\/portfolio\/wp-json\/wp\/v2\/comments?post=269"}],"version-history":[{"count":79,"href":"https:\/\/mariebraner.de\/portfolio\/wp-json\/wp\/v2\/pages\/269\/revisions"}],"predecessor-version":[{"id":2386,"href":"https:\/\/mariebraner.de\/portfolio\/wp-json\/wp\/v2\/pages\/269\/revisions\/2386"}],"wp:attachment":[{"href":"https:\/\/mariebraner.de\/portfolio\/wp-json\/wp\/v2\/media?parent=269"}],"curies":[{"name":"wp","href":"https:\/\/api.w.org\/{rel}","templated":true}]}}