{"id":405,"date":"2018-07-04T14:13:43","date_gmt":"2018-07-04T14:13:43","guid":{"rendered":"https:\/\/mariebraner.de\/?page_id=405"},"modified":"2025-02-13T14:00:50","modified_gmt":"2025-02-13T14:00:50","slug":"impressum","status":"publish","type":"page","link":"https:\/\/mariebraner.de\/portfolio\/impressum\/","title":{"rendered":"Impressum"},"content":{"rendered":"<p style=\"text-align: center;\"><em>Legal Notice that is required on German Websites &#8211; Please Scroll down for English version<\/em><\/p>\n<p>Angaben gem\u00e4\u00df \u00a7 5 TMG<\/p>\n<div>Verantwortlich f\u00fcr die Inhalte dieser Webseite:<\/div>\n<div><\/div>\n<div><em>Marie Braner<\/em><\/div>\n<div><span style=\"color: #ffffff;\">.<\/span><\/div>\n<div>\n<div>Amselweg 12<\/div>\n<div>34379 Calden<\/div>\n<div>Deutschland<\/div>\n<\/div>\n<div><span style=\"color: #ffffff;\">.<\/span><\/div>\n<div>\n<div><span style=\"font-size: inherit;\">Kontakt<\/span><\/div>\n<div><span style=\"font-size: inherit;\">Bilderkammer Illustrationsagentur\u00a0<\/span><\/div>\n<div>&#x63;&#46;&#115;t&#x65;&#x66;&#102;e&#x6e;&#x73;&#64;bi&#x6c;&#100;&#101;r&#x6b;&#x61;&#109;m&#x65;&#x72;&#46;&#100;e<\/div>\n<div><\/div>\n<div><span style=\"font-size: revert; color: initial; font-family: -apple-system, BlinkMacSystemFont, 'Segoe UI', Roboto, Oxygen-Sans, Ubuntu, Cantarell, 'Helvetica Neue', sans-serif;\">Das Impressum gilt auch f\u00fcr folgende Onlinepr\u00e4senz: https:\/\/www.instagram.com\/bellismarie\/<\/span><\/div>\n<\/div>\n<div>\n<div><span style=\"color: #ffffff;\">.<\/span><\/div>\n<div><span style=\"font-size: inherit;\">Haftungsausschluss<\/span><\/div>\n<\/div>\n<p>Die Anbieterin erstellt und \u00fcberpr\u00fcft alle Inhalte dieser Webseite mit gro\u00dfer Sorgfalt und ist f\u00fcr eigene Inhalte verantwortlich.<br \/>\nEine Gew\u00e4hr f\u00fcr die Richtigkeit, Vollst\u00e4ndigkeit und Aktualit\u00e4t aller Inhalte wird von ihr jedoch nicht \u00fcbernommen.<\/p>\n<p>Links<br \/>\nAuf dieser Webseite befinden sich Links zu Webseiten Dritter, die der Haftung der jeweiligen Betreiber unterliegen. Die Anbieterin dieser Webseite \u00fcbernimmt f\u00fcr die Inhalte verlinkter Webseiten daher keine Gew\u00e4hr. Bei erstmaliger Verlinkung wurden die externen Webseiten auf Rechtsverst\u00f6\u00dfe \u00fcberpr\u00fcft, welche zum jeweiligen Zeitpunkt nicht ersichtlich waren. Sollten Rechtsverletzungen bekannt werden entfernt die Anbieterin derartige Links umgehend. F\u00fcr aktuelle und zuk\u00fcnftige Inhalte der verlinkten Webseiten ist die Anbieterin nicht verantwortlich.<\/p>\n<p>Urheberrecht<br \/>\nAlle Inhalte und Werke auf dieser Webseite unterliegen dem deutschen Urheberrecht.<br \/>\nDie Vervielf\u00e4ltigung, Bearbeitung, Verbreitung, sowie jede Art der Verwertung ist ohne die schriftliche Zustimmung der Urheberin nicht gestattet. Soweit die Inhalte auf dieser Seite nicht von der Betreiberin erstellt wurden, werden die Urheberrechte Dritter beachtet und gekennzeichnet. Sollten Rechtsverletzungen bekannt werden entfernt die Anbieterin derartige Inhalte umgehend.<\/p>\n<p>&#8211;<\/p>\n<p><em>ENGLISH<\/em><\/p>\n<p><em>Marie Braner\u00a0<\/em><\/p>\n<div>\n<div>Amselweg 12<\/div>\n<div>34379 Calden<\/div>\n<div>Germany<\/div>\n<div><span style=\"color: #ffffff;\">.<\/span><\/div>\n<\/div>\n<p>Contact<\/p>\n<p><span style=\"font-size: inherit;\">Bilderkammer Illustration-Agency\u00a0<\/span><\/p>\n<div><em>&#99;&#46;&#x73;t&#x65;f&#x66;e&#x6e;&#115;&#x40;&#98;&#x69;&#108;&#x64;&#101;r&#107;a&#x6d;m&#x65;r&#x2e;&#100;&#x65;<\/em><\/div>\n<p>This impressum also stands for the following: https:\/\/www.instagram.com\/bellismarie\/<\/p>\n<p>Disclaimer<br \/>\nThe provider creates and controls all content on this website with great care and is responsible for all content. However the provider can\u2019t guarantee the accuracy, completeness and currency of the content.<\/p>\n<p>Links<br \/>\nThis website is also connected to third party\u00a0websites (\u201eexternal links\u201c).<br \/>\nThe provider has tested the third party contents of the external links at the time of the first connection for legal violations. At this time, legal violations have not been noticeable. The provider does not have any influence on the present and future design as well as on the contents of the linked pages. The setting up of external links and advertisements does not mean that the provider adopts the contents of the reference or link as his own. A constant supervision of the external links without any indication of violations of the law is not reasonable to the provider. Such external links and advertisements will be immediately deleted when noticing any violations of the law.<\/p>\n<p>Copyright<br \/>\nAll contents (text\u00a0and pictures) on\u00a0this\u00a0website are\u00a0subject to copyright\u00a0and\u00a0other\u00a0laws for\u00a0the protection of intellectual\u00a0property. You cannot copy, alter or use it without the explicit permission of the copyright owners.<br \/>\nIf contents on\u00a0this site\u00a0have been\u00a0created\u00a0by\u00a0third parties, the corresponding\u00a0copyrights have been respected.\u00a0Should any violations of\u00a0the corresponding copyrights be or become known, the relevant contents shall immediately\u00a0be removed from this website.<\/p>\n","protected":false},"excerpt":{"rendered":"<p>Legal Notice that is required on German Websites &#8211; Please Scroll down for English version Angaben gem\u00e4\u00df \u00a7 5 TMG Verantwortlich f\u00fcr die Inhalte dieser Webseite: Marie Braner . Amselweg 12 34379 Calden Deutschland . Kontakt Bilderkammer Illustrationsagentur\u00a0 c&#46;&#x73;&#x74;&#x65;f&#102;&#x65;&#x6e;&#x73;&#64;&#98;&#x69;&#x6c;&#x64;e&#114;&#x6b;&#x61;&#x6d;m&#101;&#x72;&#x2e;&#x64;e Das Impressum gilt auch f\u00fcr folgende Onlinepr\u00e4senz: https:\/\/www.instagram.com\/bellismarie\/ . Haftungsausschluss Die Anbieterin erstellt und \u00fcberpr\u00fcft alle [&hellip;]<\/p>\n","protected":false},"author":3,"featured_media":0,"parent":0,"menu_order":0,"comment_status":"closed","ping_status":"closed","template":"","meta":{"_acf_changed":false,"footnotes":""},"class_list":["post-405","page","type-page","status-publish","hentry"],"acf":[],"yoast_head":"<!-- This site is optimized with the Yoast SEO plugin v27.3 - https:\/\/yoast.com\/product\/yoast-seo-wordpress\/ -->\n<title>Marie Braner Illustration - Impressum<\/title>\n<meta name=\"description\" content=\"Marie Braner Ilustration - bellismarie - Impressum\" \/>\n<meta name=\"robots\" content=\"noindex, nofollow\" \/>\n<meta property=\"og:locale\" content=\"de_DE\" \/>\n<meta property=\"og:type\" content=\"article\" \/>\n<meta property=\"og:title\" content=\"Marie Braner Illustration - Impressum\" \/>\n<meta property=\"og:description\" content=\"Marie Braner Ilustration - bellismarie - Impressum\" \/>\n<meta property=\"og:url\" content=\"https:\/\/mariebraner.de\/portfolio\/impressum\/\" \/>\n<meta property=\"og:site_name\" content=\"Marie Braner\" \/>\n<meta property=\"article:modified_time\" content=\"2025-02-13T14:00:50+00:00\" \/>\n<meta name=\"twitter:card\" content=\"summary_large_image\" \/>\n<meta name=\"twitter:label1\" content=\"Gesch\u00e4tzte Lesezeit\" \/>\n\t<meta name=\"twitter:data1\" content=\"3\u00a0Minuten\" \/>\n<script type=\"application\/ld+json\" class=\"yoast-schema-graph\">{\"@context\":\"https:\\\/\\\/schema.org\",\"@graph\":[{\"@type\":\"WebPage\",\"@id\":\"https:\\\/\\\/mariebraner.de\\\/portfolio\\\/impressum\\\/\",\"url\":\"https:\\\/\\\/mariebraner.de\\\/portfolio\\\/impressum\\\/\",\"name\":\"Marie Braner Illustration - Impressum\",\"isPartOf\":{\"@id\":\"https:\\\/\\\/mariebraner.de\\\/portfolio\\\/#website\"},\"datePublished\":\"2018-07-04T14:13:43+00:00\",\"dateModified\":\"2025-02-13T14:00:50+00:00\",\"description\":\"Marie Braner Ilustration - bellismarie - Impressum\",\"breadcrumb\":{\"@id\":\"https:\\\/\\\/mariebraner.de\\\/portfolio\\\/impressum\\\/#breadcrumb\"},\"inLanguage\":\"de\",\"potentialAction\":[{\"@type\":\"ReadAction\",\"target\":[\"https:\\\/\\\/mariebraner.de\\\/portfolio\\\/impressum\\\/\"]}]},{\"@type\":\"BreadcrumbList\",\"@id\":\"https:\\\/\\\/mariebraner.de\\\/portfolio\\\/impressum\\\/#breadcrumb\",\"itemListElement\":[{\"@type\":\"ListItem\",\"position\":1,\"name\":\"Startseite\",\"item\":\"https:\\\/\\\/mariebraner.de\\\/portfolio\\\/\"},{\"@type\":\"ListItem\",\"position\":2,\"name\":\"Impressum\"}]},{\"@type\":\"WebSite\",\"@id\":\"https:\\\/\\\/mariebraner.de\\\/portfolio\\\/#website\",\"url\":\"https:\\\/\\\/mariebraner.de\\\/portfolio\\\/\",\"name\":\"Marie Braner\",\"description\":\"Illustrationen und Geschichten\",\"publisher\":{\"@id\":\"https:\\\/\\\/mariebraner.de\\\/portfolio\\\/#\\\/schema\\\/person\\\/6ed2b264ddc6206a2e251cfe954a9776\"},\"potentialAction\":[{\"@type\":\"SearchAction\",\"target\":{\"@type\":\"EntryPoint\",\"urlTemplate\":\"https:\\\/\\\/mariebraner.de\\\/portfolio\\\/?s={search_term_string}\"},\"query-input\":{\"@type\":\"PropertyValueSpecification\",\"valueRequired\":true,\"valueName\":\"search_term_string\"}}],\"inLanguage\":\"de\"},{\"@type\":[\"Person\",\"Organization\"],\"@id\":\"https:\\\/\\\/mariebraner.de\\\/portfolio\\\/#\\\/schema\\\/person\\\/6ed2b264ddc6206a2e251cfe954a9776\",\"name\":\"KleinMi\",\"logo\":{\"@id\":\"https:\\\/\\\/mariebraner.de\\\/portfolio\\\/#\\\/schema\\\/person\\\/image\\\/\"}}]}<\/script>\n<!-- \/ Yoast SEO plugin. -->","yoast_head_json":{"title":"Marie Braner Illustration - Impressum","description":"Marie Braner Ilustration - bellismarie - Impressum","robots":{"index":"noindex","follow":"nofollow"},"og_locale":"de_DE","og_type":"article","og_title":"Marie Braner Illustration - Impressum","og_description":"Marie Braner Ilustration - bellismarie - Impressum","og_url":"https:\/\/mariebraner.de\/portfolio\/impressum\/","og_site_name":"Marie Braner","article_modified_time":"2025-02-13T14:00:50+00:00","twitter_card":"summary_large_image","twitter_misc":{"Gesch\u00e4tzte Lesezeit":"3\u00a0Minuten"},"schema":{"@context":"https:\/\/schema.org","@graph":[{"@type":"WebPage","@id":"https:\/\/mariebraner.de\/portfolio\/impressum\/","url":"https:\/\/mariebraner.de\/portfolio\/impressum\/","name":"Marie Braner Illustration - Impressum","isPartOf":{"@id":"https:\/\/mariebraner.de\/portfolio\/#website"},"datePublished":"2018-07-04T14:13:43+00:00","dateModified":"2025-02-13T14:00:50+00:00","description":"Marie Braner Ilustration - bellismarie - Impressum","breadcrumb":{"@id":"https:\/\/mariebraner.de\/portfolio\/impressum\/#breadcrumb"},"inLanguage":"de","potentialAction":[{"@type":"ReadAction","target":["https:\/\/mariebraner.de\/portfolio\/impressum\/"]}]},{"@type":"BreadcrumbList","@id":"https:\/\/mariebraner.de\/portfolio\/impressum\/#breadcrumb","itemListElement":[{"@type":"ListItem","position":1,"name":"Startseite","item":"https:\/\/mariebraner.de\/portfolio\/"},{"@type":"ListItem","position":2,"name":"Impressum"}]},{"@type":"WebSite","@id":"https:\/\/mariebraner.de\/portfolio\/#website","url":"https:\/\/mariebraner.de\/portfolio\/","name":"Marie Braner","description":"Illustrationen und Geschichten","publisher":{"@id":"https:\/\/mariebraner.de\/portfolio\/#\/schema\/person\/6ed2b264ddc6206a2e251cfe954a9776"},"potentialAction":[{"@type":"SearchAction","target":{"@type":"EntryPoint","urlTemplate":"https:\/\/mariebraner.de\/portfolio\/?s={search_term_string}"},"query-input":{"@type":"PropertyValueSpecification","valueRequired":true,"valueName":"search_term_string"}}],"inLanguage":"de"},{"@type":["Person","Organization"],"@id":"https:\/\/mariebraner.de\/portfolio\/#\/schema\/person\/6ed2b264ddc6206a2e251cfe954a9776","name":"KleinMi","logo":{"@id":"https:\/\/mariebraner.de\/portfolio\/#\/schema\/person\/image\/"}}]}},"_links":{"self":[{"href":"https:\/\/mariebraner.de\/portfolio\/wp-json\/wp\/v2\/pages\/405","targetHints":{"allow":["GET"]}}],"collection":[{"href":"https:\/\/mariebraner.de\/portfolio\/wp-json\/wp\/v2\/pages"}],"about":[{"href":"https:\/\/mariebraner.de\/portfolio\/wp-json\/wp\/v2\/types\/page"}],"author":[{"embeddable":true,"href":"https:\/\/mariebraner.de\/portfolio\/wp-json\/wp\/v2\/users\/3"}],"replies":[{"embeddable":true,"href":"https:\/\/mariebraner.de\/portfolio\/wp-json\/wp\/v2\/comments?post=405"}],"version-history":[{"count":21,"href":"https:\/\/mariebraner.de\/portfolio\/wp-json\/wp\/v2\/pages\/405\/revisions"}],"predecessor-version":[{"id":2367,"href":"https:\/\/mariebraner.de\/portfolio\/wp-json\/wp\/v2\/pages\/405\/revisions\/2367"}],"wp:attachment":[{"href":"https:\/\/mariebraner.de\/portfolio\/wp-json\/wp\/v2\/media?parent=405"}],"curies":[{"name":"wp","href":"https:\/\/api.w.org\/{rel}","templated":true}]}}