{"id":414,"date":"2018-07-04T14:49:34","date_gmt":"2018-07-04T14:49:34","guid":{"rendered":"https:\/\/mariebraner.de\/?page_id=414"},"modified":"2024-01-18T10:30:56","modified_gmt":"2024-01-18T10:30:56","slug":"datenschutz","status":"publish","type":"page","link":"https:\/\/mariebraner.de\/portfolio\/datenschutz\/","title":{"rendered":"Datenschutz"},"content":{"rendered":"<p class=\"p1\" style=\"text-align: center;\"><span class=\"s1\"><i>Legal notice that is required on German websites &#8211; Please scroll down for English version<\/i><\/span><\/p>\n<p class=\"p1\"><span class=\"s1\">Die Anbieterin dieser Webseite nimmt den Schutz Ihrer personenbezogenen Daten sehr ernst. Ihre Daten werden vertraulich und gem\u00e4\u00df der gesetzlichen Datenvorschriften behandelt. <\/span><\/p>\n<p class=\"p1\"><span class=\"s1\">Betreiberin dieser Webseite und Verantwortliche im Sinne der Datenschutzvorschriften, insbesondere der DSGVO ist <em>Marie Braner<\/em>, Steinbruchstra\u00dfe 6B, 34369 Hofgeismar, Deutschland. Kontakt: Bilderkammer Illustrationsagentur <em>&#x63;&#46;&#115;t&#x65;&#x66;&#102;e&#x6e;&#x73;&#64;b&#x69;&#x6c;&#100;e&#x72;&#x6b;&#97;m&#x6d;&#x65;&#114;&#46;&#x64;&#x65;<\/em><\/span><\/p>\n<p class=\"p1\"><span class=\"s1\">Die Nutzung dieser Webseite sollte in der Regel ohne Angabe personenbezogener Daten m\u00f6glich sein. Werden personenbezogene Daten (Name, Postanschrift, E-Mail) erhoben erfolgt dies stets auf freiwilliger Basis und ohne an Dritte weiter gegeben zu werden. Sie haben stets das Recht\u00a0auf Ihre pers\u00f6nlichen Daten zuzugreifen, diese zu korrigieren sowie zu l\u00f6schen und die Bearbeitung dieser zu beschr\u00e4nken, sowie das Recht auf Klage bei einer Kontrollbeh\u00f6rde.<\/span><\/p>\n<p class=\"p1\"><span class=\"s1\">SSL-Verschl\u00fcsselung<\/span><\/p>\n<p class=\"p1\"><span class=\"s1\">Diese Webseite verf\u00fcgt aus Sicherheitsgr\u00fcnden und zum Schutz personenbezogener Daten \u00fcber eine SSL-Verschl\u00fcsselung. Sie erkennen die Verschl\u00fcsselung an der Zeichenfolge \u201ehttps:\/\/\u201c und dem Schlosssymbol in Ihrem Browser. Die Garantie f\u00fcr einen absoluten Schutz kann von der Anbieterin jedoch nicht gew\u00e4hrleistet werden. <\/span><\/p>\n<p class=\"p1\"><span class=\"s1\">Allgemeine Datenerfassung<\/span><\/p>\n<p class=\"p1\"><span class=\"s1\">Ihr Browser \u00fcbermittelt beim Besuch dieser Webseite allgemeine Informationen an den Webhoster der Anbieterin. Diese Daten werden in den Logfiles des Servers gespeichert. Erfasst werden k\u00f6nnen <\/span><\/p>\n<ul class=\"ul1\">\n<li class=\"li1\"><span class=\"s1\">Verwendete Browsertypen<\/span><\/li>\n<li class=\"li1\"><span class=\"s1\">Verwendetes Betriebssystem<\/span><\/li>\n<li class=\"li1\"><span class=\"s1\">Quelle\/Verweis, von welchem Sie auf diese Webseite gelangten<\/span><\/li>\n<li class=\"li1\"><span class=\"s1\">Verwendete, ggf. anonymisierte IP-Adresse<\/span><\/li>\n<li class=\"li1\"><span class=\"s1\">Datum und Uhrzeit zum Datum des Zugriffs<\/span><\/li>\n<li class=\"li1\"><span class=\"s1\">Den Internet-Service-Provider des zugreifenden Systems<\/span><\/li>\n<\/ul>\n<p class=\"p1\"><span class=\"s1\">Sowie sonstige \u00e4hnliche Daten und Informationen, die der Gefahrenabwehr im Falle von Angriffen auf das informationstechnologische System dieser Webseite dienen. <\/span><\/p>\n<p class=\"p1\"><span class=\"s1\">Daten dieser allgemeinen Natur fallen bei der Nutzung des Internets zwingend an und sind technisch notwendig, lassen aber keine R\u00fcckschl\u00fcsse auf Ihre Person zu. Die L\u00f6schung der erfassten Daten und Informationen erfolgt nach max. 7 Tagen. <\/span><\/p>\n<p class=\"p1\"><span class=\"s1\">Cookies<\/span><\/p>\n<p class=\"p1\"><span class=\"s1\">Diese Webseite verwendet Session-Cookies. Session-Cookies speichern den Internetaufruf tempor\u00e4r und werden mit dem Schlie\u00dfen des Browsers gel\u00f6scht. Diese Art von Cookies speichert keine Informationen \u00fcber den Benutzer. Sie k\u00f6nnen die Setzung von Cookies mittels einer entsprechenden Einstellung Ihres genutzten Internetbrowsers verhindern und damit der Setzung von Cookies dauerhaft widersprechen oder bereits gesetzte Cookies l\u00f6schen. Unter Umst\u00e4nden sind in diesem Fall jedoch nicht alle Funktionen dieser Internetseite vollumf\u00e4nglich nutzbar.<\/span><\/p>\n<p class=\"p1\"><span class=\"s1\">Links<\/span><\/p>\n<p class=\"p1\"><span class=\"s1\">Auf dieser Webseite befinden sich Links zu Webseiten Dritter, die der Haftung der jeweiligen Betreiber unterliegen. Die Anbieterin dieser Webseite \u00fcbernimmt f\u00fcr die Inhalte verlinkter Webseiten daher keine Gew\u00e4hr. Bei erstmaliger Verlinkung wurden die externen Webseiten auf Rechtsverst\u00f6\u00dfe \u00fcberpr\u00fcft, welche zum jeweiligen Zeitpunkt nicht ersichtlich waren. Sollten Rechtsverletzungen bekannt werden entfernt die Anbieterin derartige Links umgehend. F\u00fcr aktuelle und zuk\u00fcnftige Inhalte der verlinkten Webseiten ist die Anbieterin nicht verantwortlich.<\/span><\/p>\n<p>&#8211;<\/p>\n<p class=\"p1\"><em><span class=\"s1\">ENGLISH<\/span><\/em><\/p>\n<p class=\"p1\"><span class=\"s1\">The provider of this website understands that your privacy is important and handles your data confidentially and only in compliance with the data protection law.<\/span><\/p>\n<p class=\"p1\"><span class=\"s1\">Provider of this website and responsible person in relation to the General Data Protection Regulation is <em>Marie Braner<\/em>, Steinbruchstra\u00dfe 6B, 34369 Hofgeismar, Germany. Contact: Bilderkammer Illustration-Agency <em>c&#46;&#115;&#x74;&#x65;&#x66;&#x66;e&#110;&#115;&#64;&#x62;&#x69;&#x6c;de&#114;&#107;&#x61;&#x6d;&#x6d;er&#46;&#100;&#x65;<\/em><\/span><\/p>\n<p class=\"p1\"><span class=\"s1\">You should be able to use this website without giving any personal information. <\/span><\/p>\n<p class=\"p1\"><span class=\"s1\">If personal information (name, address, e-mail) is required it will only be collected on a voluntary basis and will not be passed to third parties. You always have the right to access, correct, delete or restrain your personal information as well as the right to bring an action before a control authority. <\/span><\/p>\n<p class=\"p1\"><span class=\"s1\">SSL encryption<\/span><\/p>\n<p class=\"p1\"><span class=\"s1\">This Website uses a SSL encryption to secure your personal data. You can recognize the encryption in your browser. Look for the \u201chttps:\/\/\u201c-string and for the lock symbol. There is however no guarantee for an absolut protection.<\/span><\/p>\n<p class=\"p1\"><span class=\"s1\">General Data Acquisition<\/span><\/p>\n<p class=\"p1\"><span class=\"s1\">Your Browser transmits general information to the web host while visiting this website. This information is secured in so called \u201clogfiles\u201c. This may include:<\/span><\/p>\n<ul class=\"ul1\">\n<li class=\"li1\"><span class=\"s1\">The web browser used<\/span><\/li>\n<li class=\"li1\"><span class=\"s1\">The operating system used<\/span><\/li>\n<li class=\"li1\"><span class=\"s1\">The referrer URL (the site visited immediately before)<\/span><\/li>\n<li class=\"li1\"><span class=\"s1\">Date and time of access<\/span><\/li>\n<li class=\"li1\"><span class=\"s1\">The internet-server-provider of the accessing system<\/span><\/li>\n<\/ul>\n<p class=\"p1\"><span class=\"s1\">As well as similar data and information, that is needed to ensure emergency responses to attacks on information technology systems of this website. <\/span><\/p>\n<p class=\"p1\"><span class=\"s1\">General data as such is always arising while using the internet and technically necessary but won\u2019t allow any conclusions regarding you as a person. The collected data and information is erased after a max. of 7 days. <\/span><\/p>\n<p class=\"p1\"><span class=\"s1\">Cookies<\/span><\/p>\n<p class=\"p1\"><span class=\"s1\">This Website uses Cookies. <\/span><\/p>\n<p class=\"p1\"><span class=\"s1\">Session-Cookies are temporary cookies that save the internet access and remain in the cookie file of your browser until you leave the site. They don\u2019t collect information about the user. <\/span><\/p>\n<p class=\"p1\"><span class=\"s1\">You may stop the placing of cookies or delete existing cookies in the settings of your browser. This however may cause this website to work not fully functionally. <\/span><\/p>\n<p class=\"p1\"><span class=\"s1\">Links<\/span><\/p>\n<p class=\"p1\"><span class=\"s1\">This website uses links to third party websites, which are subjects to the respective liabilities. The provider of this website is not responsible for the content of the linked websites. The provider checked thes<\/span><span class=\"s4\">e\u00a0<\/span><span class=\"s5\">sites<\/span><span class=\"s6\">\u00a0when\u00a0<\/span><span class=\"s5\">the<\/span><span class=\"s6\">y were<\/span><span class=\"s7\">\u00a0<\/span><span class=\"s8\">linked<\/span><span class=\"s7\">\u00a0fo<\/span><span class=\"s6\">r the<\/span><span class=\"s7\">\u00a0first\u00a0<\/span><span class=\"s6\">time<\/span><span class=\"s5\">, bu<\/span><span class=\"s4\">t\u00a0<\/span><span class=\"s1\">has no influen<\/span><span class=\"s4\">ce<\/span><span class=\"s5\">\u00a0on the des<\/span><span class=\"s4\">ig<\/span><span class=\"s1\">n and content<\/span><span class=\"s4\">\u00a0o<\/span><span class=\"s5\">r the c<\/span><span class=\"s4\">on<\/span><span class=\"s1\">tinual\u00a0changes made to these sites, and can therefore accept no liability for the legality, correctness, topicality, completeness, and quality of the information provided there. I<\/span><span class=\"s6\">f<\/span><span class=\"s7\">\u00a0yo<\/span><span class=\"s8\">u should e<\/span><span class=\"s7\">ver<\/span><span class=\"s6\">\u00a0<\/span><span class=\"s7\">become<\/span><span class=\"s6\">\u00a0aw<\/span><span class=\"s5\">a<\/span><span class=\"s6\">re o<\/span><span class=\"s7\">f\u00a0<\/span><span class=\"s8\">an infringement of<\/span><span class=\"s7\">\u00a0l<\/span><span class=\"s6\">egis<\/span><span class=\"s5\">lati<\/span><span class=\"s4\">on<\/span><span class=\"s1\">, please notify the provider of this website immediately a<\/span><span class=\"s4\">nd<\/span><span class=\"s5\">\u00a0the <\/span><span class=\"s6\">rela<\/span><span class=\"s5\">ted\u00a0<\/span><span class=\"s4\">co<\/span><span class=\"s1\">ntents shall be removed without delay.\u00a0<\/span><\/p>\n<p class=\"p1\">\n","protected":false},"excerpt":{"rendered":"<p>Legal notice that is required on German websites &#8211; Please scroll down for English version Die Anbieterin dieser Webseite nimmt den Schutz Ihrer personenbezogenen Daten sehr ernst. Ihre Daten werden vertraulich und gem\u00e4\u00df der gesetzlichen Datenvorschriften behandelt. Betreiberin dieser Webseite und Verantwortliche im Sinne der Datenschutzvorschriften, insbesondere der DSGVO ist Marie Braner, Steinbruchstra\u00dfe 6B, 34369 [&hellip;]<\/p>\n","protected":false},"author":3,"featured_media":0,"parent":0,"menu_order":0,"comment_status":"closed","ping_status":"closed","template":"","meta":{"_acf_changed":false,"footnotes":""},"class_list":["post-414","page","type-page","status-publish","hentry"],"acf":[],"yoast_head":"<!-- This site is optimized with the Yoast SEO plugin v27.3 - https:\/\/yoast.com\/product\/yoast-seo-wordpress\/ -->\n<title>Marie Braner Illustration - Datenschutz<\/title>\n<meta name=\"description\" content=\"Marie Braner Illustration - bellismarie - Datenschutz\" \/>\n<meta name=\"robots\" content=\"noindex, nofollow\" \/>\n<meta property=\"og:locale\" content=\"de_DE\" \/>\n<meta property=\"og:type\" content=\"article\" \/>\n<meta property=\"og:title\" content=\"Marie Braner Illustration - Datenschutz\" \/>\n<meta property=\"og:description\" content=\"Marie Braner Illustration - bellismarie - Datenschutz\" \/>\n<meta property=\"og:url\" content=\"https:\/\/mariebraner.de\/portfolio\/datenschutz\/\" \/>\n<meta property=\"og:site_name\" content=\"Marie Braner\" \/>\n<meta property=\"article:modified_time\" content=\"2024-01-18T10:30:56+00:00\" \/>\n<meta name=\"twitter:card\" content=\"summary_large_image\" \/>\n<meta name=\"twitter:label1\" content=\"Gesch\u00e4tzte Lesezeit\" \/>\n\t<meta name=\"twitter:data1\" content=\"5\u00a0Minuten\" \/>\n<script type=\"application\/ld+json\" class=\"yoast-schema-graph\">{\"@context\":\"https:\\\/\\\/schema.org\",\"@graph\":[{\"@type\":\"WebPage\",\"@id\":\"https:\\\/\\\/mariebraner.de\\\/portfolio\\\/datenschutz\\\/\",\"url\":\"https:\\\/\\\/mariebraner.de\\\/portfolio\\\/datenschutz\\\/\",\"name\":\"Marie Braner Illustration - Datenschutz\",\"isPartOf\":{\"@id\":\"https:\\\/\\\/mariebraner.de\\\/portfolio\\\/#website\"},\"datePublished\":\"2018-07-04T14:49:34+00:00\",\"dateModified\":\"2024-01-18T10:30:56+00:00\",\"description\":\"Marie Braner Illustration - bellismarie - Datenschutz\",\"breadcrumb\":{\"@id\":\"https:\\\/\\\/mariebraner.de\\\/portfolio\\\/datenschutz\\\/#breadcrumb\"},\"inLanguage\":\"de\",\"potentialAction\":[{\"@type\":\"ReadAction\",\"target\":[\"https:\\\/\\\/mariebraner.de\\\/portfolio\\\/datenschutz\\\/\"]}]},{\"@type\":\"BreadcrumbList\",\"@id\":\"https:\\\/\\\/mariebraner.de\\\/portfolio\\\/datenschutz\\\/#breadcrumb\",\"itemListElement\":[{\"@type\":\"ListItem\",\"position\":1,\"name\":\"Startseite\",\"item\":\"https:\\\/\\\/mariebraner.de\\\/portfolio\\\/\"},{\"@type\":\"ListItem\",\"position\":2,\"name\":\"Datenschutz\"}]},{\"@type\":\"WebSite\",\"@id\":\"https:\\\/\\\/mariebraner.de\\\/portfolio\\\/#website\",\"url\":\"https:\\\/\\\/mariebraner.de\\\/portfolio\\\/\",\"name\":\"Marie Braner\",\"description\":\"Illustrationen und Geschichten\",\"publisher\":{\"@id\":\"https:\\\/\\\/mariebraner.de\\\/portfolio\\\/#\\\/schema\\\/person\\\/6ed2b264ddc6206a2e251cfe954a9776\"},\"potentialAction\":[{\"@type\":\"SearchAction\",\"target\":{\"@type\":\"EntryPoint\",\"urlTemplate\":\"https:\\\/\\\/mariebraner.de\\\/portfolio\\\/?s={search_term_string}\"},\"query-input\":{\"@type\":\"PropertyValueSpecification\",\"valueRequired\":true,\"valueName\":\"search_term_string\"}}],\"inLanguage\":\"de\"},{\"@type\":[\"Person\",\"Organization\"],\"@id\":\"https:\\\/\\\/mariebraner.de\\\/portfolio\\\/#\\\/schema\\\/person\\\/6ed2b264ddc6206a2e251cfe954a9776\",\"name\":\"KleinMi\",\"logo\":{\"@id\":\"https:\\\/\\\/mariebraner.de\\\/portfolio\\\/#\\\/schema\\\/person\\\/image\\\/\"}}]}<\/script>\n<!-- \/ Yoast SEO plugin. -->","yoast_head_json":{"title":"Marie Braner Illustration - Datenschutz","description":"Marie Braner Illustration - bellismarie - Datenschutz","robots":{"index":"noindex","follow":"nofollow"},"og_locale":"de_DE","og_type":"article","og_title":"Marie Braner Illustration - Datenschutz","og_description":"Marie Braner Illustration - bellismarie - Datenschutz","og_url":"https:\/\/mariebraner.de\/portfolio\/datenschutz\/","og_site_name":"Marie Braner","article_modified_time":"2024-01-18T10:30:56+00:00","twitter_card":"summary_large_image","twitter_misc":{"Gesch\u00e4tzte Lesezeit":"5\u00a0Minuten"},"schema":{"@context":"https:\/\/schema.org","@graph":[{"@type":"WebPage","@id":"https:\/\/mariebraner.de\/portfolio\/datenschutz\/","url":"https:\/\/mariebraner.de\/portfolio\/datenschutz\/","name":"Marie Braner Illustration - Datenschutz","isPartOf":{"@id":"https:\/\/mariebraner.de\/portfolio\/#website"},"datePublished":"2018-07-04T14:49:34+00:00","dateModified":"2024-01-18T10:30:56+00:00","description":"Marie Braner Illustration - bellismarie - Datenschutz","breadcrumb":{"@id":"https:\/\/mariebraner.de\/portfolio\/datenschutz\/#breadcrumb"},"inLanguage":"de","potentialAction":[{"@type":"ReadAction","target":["https:\/\/mariebraner.de\/portfolio\/datenschutz\/"]}]},{"@type":"BreadcrumbList","@id":"https:\/\/mariebraner.de\/portfolio\/datenschutz\/#breadcrumb","itemListElement":[{"@type":"ListItem","position":1,"name":"Startseite","item":"https:\/\/mariebraner.de\/portfolio\/"},{"@type":"ListItem","position":2,"name":"Datenschutz"}]},{"@type":"WebSite","@id":"https:\/\/mariebraner.de\/portfolio\/#website","url":"https:\/\/mariebraner.de\/portfolio\/","name":"Marie Braner","description":"Illustrationen und Geschichten","publisher":{"@id":"https:\/\/mariebraner.de\/portfolio\/#\/schema\/person\/6ed2b264ddc6206a2e251cfe954a9776"},"potentialAction":[{"@type":"SearchAction","target":{"@type":"EntryPoint","urlTemplate":"https:\/\/mariebraner.de\/portfolio\/?s={search_term_string}"},"query-input":{"@type":"PropertyValueSpecification","valueRequired":true,"valueName":"search_term_string"}}],"inLanguage":"de"},{"@type":["Person","Organization"],"@id":"https:\/\/mariebraner.de\/portfolio\/#\/schema\/person\/6ed2b264ddc6206a2e251cfe954a9776","name":"KleinMi","logo":{"@id":"https:\/\/mariebraner.de\/portfolio\/#\/schema\/person\/image\/"}}]}},"_links":{"self":[{"href":"https:\/\/mariebraner.de\/portfolio\/wp-json\/wp\/v2\/pages\/414","targetHints":{"allow":["GET"]}}],"collection":[{"href":"https:\/\/mariebraner.de\/portfolio\/wp-json\/wp\/v2\/pages"}],"about":[{"href":"https:\/\/mariebraner.de\/portfolio\/wp-json\/wp\/v2\/types\/page"}],"author":[{"embeddable":true,"href":"https:\/\/mariebraner.de\/portfolio\/wp-json\/wp\/v2\/users\/3"}],"replies":[{"embeddable":true,"href":"https:\/\/mariebraner.de\/portfolio\/wp-json\/wp\/v2\/comments?post=414"}],"version-history":[{"count":9,"href":"https:\/\/mariebraner.de\/portfolio\/wp-json\/wp\/v2\/pages\/414\/revisions"}],"predecessor-version":[{"id":2199,"href":"https:\/\/mariebraner.de\/portfolio\/wp-json\/wp\/v2\/pages\/414\/revisions\/2199"}],"wp:attachment":[{"href":"https:\/\/mariebraner.de\/portfolio\/wp-json\/wp\/v2\/media?parent=414"}],"curies":[{"name":"wp","href":"https:\/\/api.w.org\/{rel}","templated":true}]}}