{"id":944,"date":"2019-05-16T11:51:03","date_gmt":"2019-05-16T11:51:03","guid":{"rendered":"https:\/\/mariebraner.de\/portfolio\/?page_id=944"},"modified":"2026-04-30T07:23:01","modified_gmt":"2026-04-30T07:23:01","slug":"buecher","status":"publish","type":"page","link":"https:\/\/mariebraner.de\/portfolio\/","title":{"rendered":"B\u00fccher"},"content":{"rendered":"\n<h4 class=\"wp-block-heading has-text-align-center\">A K T U E L L E  <mark style=\"background-color:rgba(0, 0, 0, 0)\" class=\"has-inline-color has-white-color\">..<\/mark>V E R \u00d6 F F E N T L I C H U N G E N<\/h4>\n\n\n\n<div class=\"wp-block-group\"><div class=\"wp-block-group__inner-container is-layout-constrained wp-block-group-is-layout-constrained\">\n<p class=\"has-text-align-center\">Klick auf einen der Titel, um mehr zu erfahren.<br>Eine Auflistung vergangener Erscheinungen findest du in der Rubrik <a href=\"https:\/\/mariebraner.de\/portfolio\/ueber-mich\/\"><mark style=\"background-color:rgba(0, 0, 0, 0);color:#d0bc8a\" class=\"has-inline-color\">\u00dcBER MICH<\/mark><\/a><br>Viel Spa\u00df beim St\u00f6bern!<\/p>\n<\/div><\/div>\n\n\n\n<p><\/p>\n","protected":false},"excerpt":{"rendered":"<p>A K T U E L L E ..V E R \u00d6 F F E N T L I C H U N G E N Klick auf einen der Titel, um mehr zu erfahren.Eine Auflistung vergangener Erscheinungen findest du in der Rubrik \u00dcBER MICHViel Spa\u00df beim St\u00f6bern!<\/p>\n","protected":false},"author":3,"featured_media":0,"parent":0,"menu_order":0,"comment_status":"closed","ping_status":"closed","template":"archive-portfolio.php","meta":{"_acf_changed":false,"footnotes":""},"class_list":["post-944","page","type-page","status-publish","hentry"],"acf":[],"yoast_head":"<!-- This site is optimized with the Yoast SEO plugin v27.5 - https:\/\/yoast.com\/product\/yoast-seo-wordpress\/ -->\n<title>B\u00fccher - Marie Braner<\/title>\n<meta name=\"robots\" content=\"index, follow, max-snippet:-1, max-image-preview:large, max-video-preview:-1\" \/>\n<link rel=\"canonical\" href=\"https:\/\/mariebraner.de\/portfolio\/\" \/>\n<meta property=\"og:locale\" content=\"de_DE\" \/>\n<meta property=\"og:type\" content=\"article\" \/>\n<meta property=\"og:title\" content=\"B\u00fccher - Marie Braner\" \/>\n<meta property=\"og:description\" content=\"A K T U E L L E ..V E R \u00d6 F F E N T L I C H U N G E N Klick auf einen der Titel, um mehr zu erfahren.Eine Auflistung vergangener Erscheinungen findest du in der Rubrik \u00dcBER MICHViel Spa\u00df beim St\u00f6bern!\" \/>\n<meta property=\"og:url\" content=\"https:\/\/mariebraner.de\/portfolio\/\" \/>\n<meta property=\"og:site_name\" content=\"Marie Braner\" \/>\n<meta property=\"article:modified_time\" content=\"2026-04-30T07:23:01+00:00\" \/>\n<meta name=\"twitter:card\" content=\"summary_large_image\" \/>\n<meta name=\"twitter:label1\" content=\"Gesch\u00e4tzte Lesezeit\" \/>\n\t<meta name=\"twitter:data1\" content=\"1\u00a0Minute\" \/>\n<script type=\"application\/ld+json\" class=\"yoast-schema-graph\">{\"@context\":\"https:\\\/\\\/schema.org\",\"@graph\":[{\"@type\":\"WebPage\",\"@id\":\"https:\\\/\\\/mariebraner.de\\\/portfolio\\\/\",\"url\":\"https:\\\/\\\/mariebraner.de\\\/portfolio\\\/\",\"name\":\"B\u00fccher - Marie Braner\",\"isPartOf\":{\"@id\":\"https:\\\/\\\/mariebraner.de\\\/portfolio\\\/#website\"},\"datePublished\":\"2019-05-16T11:51:03+00:00\",\"dateModified\":\"2026-04-30T07:23:01+00:00\",\"breadcrumb\":{\"@id\":\"https:\\\/\\\/mariebraner.de\\\/portfolio\\\/#breadcrumb\"},\"inLanguage\":\"de\",\"potentialAction\":[{\"@type\":\"ReadAction\",\"target\":[\"https:\\\/\\\/mariebraner.de\\\/portfolio\\\/\"]}]},{\"@type\":\"BreadcrumbList\",\"@id\":\"https:\\\/\\\/mariebraner.de\\\/portfolio\\\/#breadcrumb\",\"itemListElement\":[{\"@type\":\"ListItem\",\"position\":1,\"name\":\"Startseite\",\"item\":\"https:\\\/\\\/mariebraner.de\\\/portfolio\\\/\"},{\"@type\":\"ListItem\",\"position\":2,\"name\":\"B\u00fccher\"}]},{\"@type\":\"WebSite\",\"@id\":\"https:\\\/\\\/mariebraner.de\\\/portfolio\\\/#website\",\"url\":\"https:\\\/\\\/mariebraner.de\\\/portfolio\\\/\",\"name\":\"Marie Braner\",\"description\":\"Illustrationen und Geschichten\",\"publisher\":{\"@id\":\"https:\\\/\\\/mariebraner.de\\\/portfolio\\\/#\\\/schema\\\/person\\\/6ed2b264ddc6206a2e251cfe954a9776\"},\"potentialAction\":[{\"@type\":\"SearchAction\",\"target\":{\"@type\":\"EntryPoint\",\"urlTemplate\":\"https:\\\/\\\/mariebraner.de\\\/portfolio\\\/?s={search_term_string}\"},\"query-input\":{\"@type\":\"PropertyValueSpecification\",\"valueRequired\":true,\"valueName\":\"search_term_string\"}}],\"inLanguage\":\"de\"},{\"@type\":[\"Person\",\"Organization\"],\"@id\":\"https:\\\/\\\/mariebraner.de\\\/portfolio\\\/#\\\/schema\\\/person\\\/6ed2b264ddc6206a2e251cfe954a9776\",\"name\":\"KleinMi\",\"logo\":{\"@id\":\"https:\\\/\\\/mariebraner.de\\\/portfolio\\\/#\\\/schema\\\/person\\\/image\\\/\"}}]}<\/script>\n<!-- \/ Yoast SEO plugin. -->","yoast_head_json":{"title":"B\u00fccher - Marie Braner","robots":{"index":"index","follow":"follow","max-snippet":"max-snippet:-1","max-image-preview":"max-image-preview:large","max-video-preview":"max-video-preview:-1"},"canonical":"https:\/\/mariebraner.de\/portfolio\/","og_locale":"de_DE","og_type":"article","og_title":"B\u00fccher - Marie Braner","og_description":"A K T U E L L E ..V E R \u00d6 F F E N T L I C H U N G E N Klick auf einen der Titel, um mehr zu erfahren.Eine Auflistung vergangener Erscheinungen findest du in der Rubrik \u00dcBER MICHViel Spa\u00df beim St\u00f6bern!","og_url":"https:\/\/mariebraner.de\/portfolio\/","og_site_name":"Marie Braner","article_modified_time":"2026-04-30T07:23:01+00:00","twitter_card":"summary_large_image","twitter_misc":{"Gesch\u00e4tzte Lesezeit":"1\u00a0Minute"},"schema":{"@context":"https:\/\/schema.org","@graph":[{"@type":"WebPage","@id":"https:\/\/mariebraner.de\/portfolio\/","url":"https:\/\/mariebraner.de\/portfolio\/","name":"B\u00fccher - Marie Braner","isPartOf":{"@id":"https:\/\/mariebraner.de\/portfolio\/#website"},"datePublished":"2019-05-16T11:51:03+00:00","dateModified":"2026-04-30T07:23:01+00:00","breadcrumb":{"@id":"https:\/\/mariebraner.de\/portfolio\/#breadcrumb"},"inLanguage":"de","potentialAction":[{"@type":"ReadAction","target":["https:\/\/mariebraner.de\/portfolio\/"]}]},{"@type":"BreadcrumbList","@id":"https:\/\/mariebraner.de\/portfolio\/#breadcrumb","itemListElement":[{"@type":"ListItem","position":1,"name":"Startseite","item":"https:\/\/mariebraner.de\/portfolio\/"},{"@type":"ListItem","position":2,"name":"B\u00fccher"}]},{"@type":"WebSite","@id":"https:\/\/mariebraner.de\/portfolio\/#website","url":"https:\/\/mariebraner.de\/portfolio\/","name":"Marie Braner","description":"Illustrationen und Geschichten","publisher":{"@id":"https:\/\/mariebraner.de\/portfolio\/#\/schema\/person\/6ed2b264ddc6206a2e251cfe954a9776"},"potentialAction":[{"@type":"SearchAction","target":{"@type":"EntryPoint","urlTemplate":"https:\/\/mariebraner.de\/portfolio\/?s={search_term_string}"},"query-input":{"@type":"PropertyValueSpecification","valueRequired":true,"valueName":"search_term_string"}}],"inLanguage":"de"},{"@type":["Person","Organization"],"@id":"https:\/\/mariebraner.de\/portfolio\/#\/schema\/person\/6ed2b264ddc6206a2e251cfe954a9776","name":"KleinMi","logo":{"@id":"https:\/\/mariebraner.de\/portfolio\/#\/schema\/person\/image\/"}}]}},"_links":{"self":[{"href":"https:\/\/mariebraner.de\/portfolio\/wp-json\/wp\/v2\/pages\/944","targetHints":{"allow":["GET"]}}],"collection":[{"href":"https:\/\/mariebraner.de\/portfolio\/wp-json\/wp\/v2\/pages"}],"about":[{"href":"https:\/\/mariebraner.de\/portfolio\/wp-json\/wp\/v2\/types\/page"}],"author":[{"embeddable":true,"href":"https:\/\/mariebraner.de\/portfolio\/wp-json\/wp\/v2\/users\/3"}],"replies":[{"embeddable":true,"href":"https:\/\/mariebraner.de\/portfolio\/wp-json\/wp\/v2\/comments?post=944"}],"version-history":[{"count":21,"href":"https:\/\/mariebraner.de\/portfolio\/wp-json\/wp\/v2\/pages\/944\/revisions"}],"predecessor-version":[{"id":2436,"href":"https:\/\/mariebraner.de\/portfolio\/wp-json\/wp\/v2\/pages\/944\/revisions\/2436"}],"wp:attachment":[{"href":"https:\/\/mariebraner.de\/portfolio\/wp-json\/wp\/v2\/media?parent=944"}],"curies":[{"name":"wp","href":"https:\/\/api.w.org\/{rel}","templated":true}]}}